{"id":821,"date":"2022-03-16T18:05:55","date_gmt":"2022-03-16T17:05:55","guid":{"rendered":"https:\/\/www.haus-am-stadtturm.de\/breakfast-wine-cafe\/"},"modified":"2022-05-05T13:00:01","modified_gmt":"2022-05-05T11:00:01","slug":"breakfast-wine-cafe","status":"publish","type":"page","link":"https:\/\/www.haus-am-stadtturm.de\/en\/breakfast-wine-cafe\/","title":{"rendered":"Breakfast &amp; Wine Caf\u00e9"},"content":{"rendered":"<div class=\"section intro-image-slide\">\n<div class=\"section-image\">\n\t\t<img loading=\"lazy\" decoding=\"async\" src=\"\/wp-content\/uploads\/2022\/03\/restaurant-fruehstueck-01.jpg\" alt=\"\" width=\"2560\" height=\"1707\">\n\t<\/div>\n<div class=\"section-full\">\n<div class=\"section-wrap\">\n\t\t\t<small>Breakfast &amp; Wine Caf\u00e9<\/small><\/p>\n<h2>Just. Really. Delicious.<\/h2>\n<\/p><\/div>\n<\/p><\/div>\n<div class=\"section-gradient\"><\/div>\n<\/div>\n<div class=\"section\">\n<div class=\"section-call-to-action text-aligncenter\">\n<div class=\"section-wrap\">\n<h2>Perfect start to the day<\/h2>\n<p>Individual Combination <span class=\"seperator\">|<\/span> Regional Organic Products <span class=\"seperator\">|<\/span> Varied and Rich<\/p>\n<\/p><\/div>\n<\/p><\/div>\n<\/div>\n<div class=\"section section-video\">\n\t<video width=\"100%\" height=\"auto\" autoplay=\"\" muted=\"\" playsinline=\"\" loop=\"\"><source src=\"\/wp-content\/uploads\/2022\/05\/2021-tonimedia-haus-am-stadtturm-fruehstueck.mp4\" type=\"video\/mp4\"><\/source><\/video>\n<\/div>\n<div class=\"section overflow\">\n<div class=\"section-full-size\">\n<div class=\"section-wrap\">\n<div class=\"grid-fruehstueck flex\">\n<div>\n\t\t\t\t\t<a href=\"\/wp-content\/uploads\/2022\/03\/feuerplatz-quadratisch.jpg\"><img loading=\"lazy\" decoding=\"async\" src=\"\/wp-content\/uploads\/2022\/03\/feuerplatz-quadratisch.jpg\" alt=\"\" width=\"600\" height=\"600\"><\/a><\/p>\n<h2>Breakfast in the wine caf\u00e9<\/h2>\n<p>Every morning, our kitchen fairies conjure up a varied and delicious breakfast for you. Enjoy it in our cosy wine caf\u00e9 in the Haus am Stadtturm. Almost all ingredients are regional, come from organic cultivation and are served without packaging.<\/p>\n<\/p><\/div>\n<div>\n\t\t\t\t\t<a href=\"\/wp-content\/uploads\/2022\/03\/ausblick-stadtturm-quadratisch.jpg\"><img loading=\"lazy\" decoding=\"async\" src=\"\/wp-content\/uploads\/2022\/03\/ausblick-stadtturm-quadratisch.jpg\" alt=\"\" width=\"600\" height=\"600\"><\/a><\/p>\n<h2>Breakfast in the flat<\/h2>\n<p>Would you rather cuddle a little longer? No problem. We will be happy to bring our gorgeous breakfast to your flat around 9 am. We accept orders until 6pm the day before via the contact form below.<\/p>\n<\/p><\/div>\n<div>\n\t\t\t\t\t<a href=\"\/wp-content\/uploads\/2022\/03\/eingang-haus-am-stadtturm-quadratisch.jpg\"><img loading=\"lazy\" decoding=\"async\" src=\"\/wp-content\/uploads\/2022\/03\/eingang-haus-am-stadtturm-quadratisch.jpg\" alt=\"\" width=\"600\" height=\"600\"><\/a><\/p>\n<h2>Wine-Caf\u00e9<\/h2>\n<p>Reserve your table for your cosy gourmet breakfast in time. Whether as a couple or as a group with a special occasion: we will make your start to the morning an experience!<\/p>\n<\/p><\/div>\n<\/p><\/div>\n<div class=\"fruehstueck-accordion\">\n\t\t\t\t<div class=\"accordion\"><h3 class=\"accordion-header accordion-title\">Add breakfast<\/h3><div class=\"accordion-content\"><p>If you have booked your stay without meals, you can still register for breakfast on site \u2013 also by the day.<br \/>\nOur cook prepares the breakfast daily changing with fresh ingredients, therefore a reservation is absolutely necessary. Please contact us by telephone no later than 6 pm the day before. Alternatively, please fill out the contact form below.<br \/>\nHowever, a general availability of free places is not guaranteed, as we give free places to external guests.<\/p>\n<div class=\"contact-info flex\">\n<div><svg><use xlink:href=\"#shape-phone\"\/><\/svg>+49 6541 8145866<\/div>\n<div><svg><use xlink:href=\"#shape-phone\"\/><\/svg>+49 1511 0590368<\/div>\n<div><svg><use xlink:href=\"#shape-email\"\/><\/svg>info@haus-am-stadtturm.de<\/div>\n<\/div>\n\n<div class=\"wpcf7 no-js\" id=\"wpcf7-f809-o1\" lang=\"en-US\" dir=\"ltr\" data-wpcf7-id=\"809\">\n<div class=\"screen-reader-response\"><p role=\"status\" aria-live=\"polite\" aria-atomic=\"true\"><\/p> <ul><\/ul><\/div>\n<form action=\"\/en\/wp-json\/wp\/v2\/pages\/821#wpcf7-f809-o1\" method=\"post\" class=\"wpcf7-form init\" aria-label=\"Contact form\" novalidate=\"novalidate\" data-status=\"init\">\n<fieldset class=\"hidden-fields-container\"><input type=\"hidden\" name=\"_wpcf7\" value=\"809\" \/><input type=\"hidden\" name=\"_wpcf7_version\" value=\"6.1.5\" \/><input type=\"hidden\" name=\"_wpcf7_locale\" value=\"en_US\" \/><input type=\"hidden\" name=\"_wpcf7_unit_tag\" value=\"wpcf7-f809-o1\" \/><input type=\"hidden\" name=\"_wpcf7_container_post\" value=\"0\" \/><input type=\"hidden\" name=\"_wpcf7_posted_data_hash\" value=\"\" \/>\n<\/fieldset>\n<p>Please note, fields marked with (<abbr class=\"validation-required-notice\"><svg><use xlink:href=\"#shape-star\"\/><\/svg><\/abbr>) must be filled in.<\/p>\n\n\n<div class=\"flex\">\n\t<h3>Contact information<\/h3>\n\t<div class=\"form-field-wrap\">\n\t\t<label for=\"anrede\">Title<\/label>\n\t\t<span class=\"wpcf7-form-control-wrap\" data-name=\"form-anrede\"><select class=\"wpcf7-form-control wpcf7-select\" id=\"anrede\" aria-invalid=\"false\" name=\"form-anrede\"><option value=\"Herr\">Herr<\/option><option value=\"Frau\">Frau<\/option><\/select><\/span>\n\t<\/div>\n\n\t<div class=\"form-field-wrap one-half\">\n\t\t<label for=\"name\">Name<\/label>\n\t\t<span class=\"wpcf7-form-control-wrap\" data-name=\"form-name\"><input size=\"40\" maxlength=\"400\" class=\"wpcf7-form-control wpcf7-text wpcf7-validates-as-required\" id=\"name\" aria-required=\"true\" aria-invalid=\"false\" value=\"\" type=\"text\" name=\"form-name\" \/><\/span>\n\t<\/div>\n\n\t<div class=\"form-field-wrap one-half\">\n\t\t<label for=\"phone\">Phome<\/label>\n\t\t<span class=\"wpcf7-form-control-wrap\" data-name=\"form-phone\"><input size=\"40\" maxlength=\"400\" class=\"wpcf7-form-control wpcf7-text\" id=\"phone\" aria-invalid=\"false\" value=\"\" type=\"text\" name=\"form-phone\" \/><\/span>\n\t<\/div>\n\n\t<div class=\"form-field-wrap one-half\">\n\t\t<label for=\"email\">Your email address<\/label>\n\t\t<span class=\"wpcf7-form-control-wrap\" data-name=\"form-email\"><input size=\"40\" maxlength=\"400\" class=\"wpcf7-form-control wpcf7-email wpcf7-validates-as-required wpcf7-text wpcf7-validates-as-email\" id=\"email\" aria-required=\"true\" aria-invalid=\"false\" value=\"\" type=\"email\" name=\"form-email\" \/><\/span>\n\t<\/div>\n\n\t<div class=\"form-field-wrap one-half\">\n\t\t<label for=\"appartement\">Apartment<\/label>\n\t\t<span class=\"wpcf7-form-control-wrap\" data-name=\"form-appartement\"><input size=\"40\" maxlength=\"400\" class=\"wpcf7-form-control wpcf7-text wpcf7-validates-as-required\" id=\"appartement\" aria-required=\"true\" aria-invalid=\"false\" value=\"\" type=\"text\" name=\"form-appartement\" \/><\/span>\n\t<\/div>\n\n\n\t<h3>Registration<\/h3>\n\n\t<div class=\"form-field-wrap datepicker-wrap one-half\" id=\"buchung-from1\">\n\t\t<label for=\"datepicker-from\">Date<\/label>\n\t\t<span class=\"wpcf7-form-control-wrap\" data-name=\"form-from\"><input size=\"40\" maxlength=\"400\" class=\"wpcf7-form-control wpcf7-text wpcf7-validates-as-required\" id=\"datepicker-from\" readonly=\"readonly\" aria-required=\"true\" aria-invalid=\"false\" value=\"\" type=\"text\" name=\"form-from\" \/><\/span>\n\t<\/div>\n\t\n\t<div class=\"form-field-wrap one-third\">\n\t\t<label for=\"persons\">Number of persons<\/label>\n\t\t<span class=\"wpcf7-form-control-wrap\" data-name=\"form-persons\"><input class=\"wpcf7-form-control wpcf7-number wpcf7-validates-as-required wpcf7-validates-as-number\" id=\"persons\" aria-required=\"true\" aria-invalid=\"false\" value=\"\" type=\"number\" name=\"form-persons\" \/><\/span>\n\t<\/div>\n<\/div>\n\t\n<div class=\"form-field-wrap\">\n\t<label for=\"message\">Questions & Requests<\/label>\n\t<span class=\"wpcf7-form-control-wrap\" data-name=\"form-message\"><textarea cols=\"40\" rows=\"10\" maxlength=\"2000\" class=\"wpcf7-form-control wpcf7-textarea\" id=\"message\" aria-invalid=\"false\" name=\"form-message\"><\/textarea><\/span>\n<\/div>\n\n<span id=\"wpcf7-69d291b123de6-wrapper\" class=\"wpcf7-form-control-wrap names-wrap\" style=\"display:none !important; visibility:hidden !important;\"><label for=\"wpcf7-69d291b123de6-field\" class=\"hp-message\">Please leave this field empty.<\/label><input id=\"wpcf7-69d291b123de6-field\"  class=\"wpcf7-form-control wpcf7-text\" type=\"text\" name=\"names\" value=\"\" size=\"40\" tabindex=\"-1\" autocomplete=\"new-password\" \/><\/span>\n<span class=\"wpcf7-form-control-wrap\" data-name=\"acceptance-477\"><span class=\"wpcf7-form-control wpcf7-acceptance\"><span class=\"wpcf7-list-item\"><label><input type=\"checkbox\" name=\"acceptance-477\" value=\"1\" aria-invalid=\"false\" \/><span class=\"wpcf7-list-item-label\">I agree that my data will be processed for the purpose of handling my request. You can find further information on this in our <a href=\"\/datenschutz\">privacy policy<\/a>.<\/span><\/label><\/span><\/span><\/span>\n\n<div class=\"form-submit-wrap\">\n\t<input class=\"wpcf7-form-control wpcf7-submit has-spinner\" type=\"submit\" value=\"Senden\" \/>\n<\/div><div class=\"wpcf7-response-output\" aria-hidden=\"true\"><\/div>\n<\/form>\n<\/div>\n\n<\/div><h3 class=\"accordion-header accordion-title\">Order breakfast to your flat<\/h3><div class=\"accordion-content\"><p>In a private atmosphere, you can feast comfortably and for as long as you like. Of course, we are happy to cater to your special wishes.<br \/>\nWe accept orders until 6pm the day before via the contact form below. Flat service: 5,- \u20ac \/ per 2 persons.<\/p>\n\n<div class=\"wpcf7 no-js\" id=\"wpcf7-f806-o2\" lang=\"en-US\" dir=\"ltr\" data-wpcf7-id=\"806\">\n<div class=\"screen-reader-response\"><p role=\"status\" aria-live=\"polite\" aria-atomic=\"true\"><\/p> <ul><\/ul><\/div>\n<form action=\"\/en\/wp-json\/wp\/v2\/pages\/821#wpcf7-f806-o2\" method=\"post\" class=\"wpcf7-form init\" aria-label=\"Contact form\" novalidate=\"novalidate\" data-status=\"init\">\n<fieldset class=\"hidden-fields-container\"><input type=\"hidden\" name=\"_wpcf7\" value=\"806\" \/><input type=\"hidden\" name=\"_wpcf7_version\" value=\"6.1.5\" \/><input type=\"hidden\" name=\"_wpcf7_locale\" value=\"en_US\" \/><input type=\"hidden\" name=\"_wpcf7_unit_tag\" value=\"wpcf7-f806-o2\" \/><input type=\"hidden\" name=\"_wpcf7_container_post\" value=\"0\" \/><input type=\"hidden\" name=\"_wpcf7_posted_data_hash\" value=\"\" \/>\n<\/fieldset>\n<p>Please note, fields marked with (<abbr class=\"validation-required-notice\"><svg><use xlink:href=\"#shape-star\"\/><\/svg><\/abbr>) must be filled in.<\/p>\n\n<div class=\"flex\">\n\t<div class=\"form-field-wrap\">\n\t\t<label for=\"anrede\">Title<\/label>\n\t\t<span class=\"wpcf7-form-control-wrap\" data-name=\"form-anrede\"><select class=\"wpcf7-form-control wpcf7-select\" aria-invalid=\"false\" name=\"form-anrede\"><option value=\"Herr\">Herr<\/option><option value=\"Frau\">Frau<\/option><\/select><\/span>\n\t<\/div>\n\n\t<div class=\"form-field-wrap one-half\">\n\t\t<label for=\"name\">Name<\/label>\n\t\t<span class=\"wpcf7-form-control-wrap\" data-name=\"form-name\"><input size=\"40\" maxlength=\"400\" class=\"wpcf7-form-control wpcf7-text wpcf7-validates-as-required\" aria-required=\"true\" aria-invalid=\"false\" value=\"\" type=\"text\" name=\"form-name\" \/><\/span>\n\t<\/div>\n\n\t<div class=\"form-field-wrap one-half\">\n\t\t<label for=\"phone\">Phone<\/label>\n\t\t<span class=\"wpcf7-form-control-wrap\" data-name=\"form-phone\"><input size=\"40\" maxlength=\"400\" class=\"wpcf7-form-control wpcf7-text\" aria-invalid=\"false\" value=\"\" type=\"text\" name=\"form-phone\" \/><\/span>\n\t<\/div>\n\n\t<div class=\"form-field-wrap one-half\">\n\t\t<label for=\"email\">Your email address<\/label>\n\t\t<span class=\"wpcf7-form-control-wrap\" data-name=\"form-email\"><input size=\"40\" maxlength=\"400\" class=\"wpcf7-form-control wpcf7-email wpcf7-validates-as-required wpcf7-text wpcf7-validates-as-email\" aria-required=\"true\" aria-invalid=\"false\" value=\"\" type=\"email\" name=\"form-email\" \/><\/span>\n\t<\/div>\n\n\t<div class=\"form-field-wrap one-half\">\n\t\t<label for=\"appartement\">Apartment<\/label>\n\t\t<span class=\"wpcf7-form-control-wrap\" data-name=\"form-appartement\"><input size=\"40\" maxlength=\"400\" class=\"wpcf7-form-control wpcf7-text wpcf7-validates-as-required\" aria-required=\"true\" aria-invalid=\"false\" value=\"\" type=\"text\" name=\"form-appartement\" \/><\/span>\n\t<\/div>\n\n\t<div class=\"form-field-wrap one-third\">\n\t\t<label for=\"persons\">Number of persons<\/label>\n\t\t<span class=\"wpcf7-form-control-wrap\" data-name=\"form-persons\"><input class=\"wpcf7-form-control wpcf7-number wpcf7-validates-as-required wpcf7-validates-as-number\" aria-required=\"true\" aria-invalid=\"false\" value=\"\" type=\"number\" name=\"form-persons\" \/><\/span>\n\t<\/div>\n\n\t<div class=\"form-field-wrap one-third\">\n\t\t<label for=\"persons\">Number of persons<\/label>\n\t\t<span class=\"wpcf7-form-control-wrap\" data-name=\"radio-fruehstueck\"><span class=\"wpcf7-form-control wpcf7-radio\" id=\"fruehstueck\"><span class=\"wpcf7-list-item first\"><label><input type=\"radio\" name=\"radio-fruehstueck\" value=\"Ich\/Wir m\u00f6chte(n) das Fr\u00fchst\u00fcck morgen im Appartement genie\u00dfen.\" \/><span class=\"wpcf7-list-item-label\">Ich\/Wir m\u00f6chte(n) das Fr\u00fchst\u00fcck morgen im Appartement genie\u00dfen.<\/span><\/label><\/span><span class=\"wpcf7-list-item last\"><label><input type=\"radio\" name=\"radio-fruehstueck\" value=\"Ich\/Wir m\u00f6chte(n) das Fr\u00fchst\u00fcck f\u00fcr den restlichen Aufenthalt im Appartement genie\u00dfen.\" \/><span class=\"wpcf7-list-item-label\">Ich\/Wir m\u00f6chte(n) das Fr\u00fchst\u00fcck f\u00fcr den restlichen Aufenthalt im Appartement genie\u00dfen.<\/span><\/label><\/span><\/span><\/span>\n\t<\/div>\n<\/div>\n\t\n<div class=\"form-field-wrap\">\n\t<label for=\"message\">Intolerances & special requests<\/label>\n\t<span class=\"wpcf7-form-control-wrap\" data-name=\"form-message\"><textarea cols=\"40\" rows=\"10\" maxlength=\"2000\" class=\"wpcf7-form-control wpcf7-textarea\" aria-invalid=\"false\" name=\"form-message\"><\/textarea><\/span>\n<\/div>\n\n<span id=\"wpcf7-69d291b124b43-wrapper\" class=\"wpcf7-form-control-wrap names-wrap\" style=\"display:none !important; visibility:hidden !important;\"><label for=\"wpcf7-69d291b124b43-field\" class=\"hp-message\">Please leave this field empty.<\/label><input id=\"wpcf7-69d291b124b43-field\"  class=\"wpcf7-form-control wpcf7-text\" type=\"text\" name=\"names\" value=\"\" size=\"40\" tabindex=\"-1\" autocomplete=\"new-password\" \/><\/span>\n<span class=\"wpcf7-form-control-wrap\" data-name=\"acceptance-477\"><span class=\"wpcf7-form-control wpcf7-acceptance\"><span class=\"wpcf7-list-item\"><label><input type=\"checkbox\" name=\"acceptance-477\" value=\"1\" aria-invalid=\"false\" \/><span class=\"wpcf7-list-item-label\">I agree that my data will be processed for the purpose of handling my request. You can find further information on this in our <a href=\"\/datenschutz\">privacy policy<\/a>.<\/span><\/label><\/span><\/span><\/span>\n\n<div class=\"form-submit-wrap\">\n\t<input class=\"wpcf7-form-control wpcf7-submit has-spinner\" type=\"submit\" value=\"Senden\" \/>\n<\/div><div class=\"wpcf7-response-output\" aria-hidden=\"true\"><\/div>\n<\/form>\n<\/div>\n\n<\/div><h3 class=\"accordion-header accordion-title\">Beverages & Snacks<\/h3><div class=\"accordion-content\"><p>Whether for a refreshment in between or for a toast in the evening: help yourself to our drinks at any time, which are cold in the fridges in front of Apartment 5 in the Haus am Stadtturm and on the ground floor in the Alte Schmiede. There you will also find a basket with sweet and savoury snacks.<br \/>\nThe offer is colourful, so that there is something tasty for every taste. Please note what you have taken on a piece of paper, take a photo or simply make a note of it \u2013 we do the math when you check out.<\/p>\n<\/div><\/div><\/p>\n<table>\n<tbody>\n<tr>\n<td>Whether as a couple or as a group with a special occasion: we will make your start to the morning an experience! Please let us know at the latest upon arrival.<\/td>\n<\/tr>\n<tr>\n<td>We expect you between 8.15 and 9.15 a.m. &#8211; you can then have breakfast for as long as you like.<\/td>\n<\/tr>\n<tr>\n<td>In your accommodation you will find a coffee and tea station so you can prepare your own hot drinks.<\/td>\n<\/tr>\n<tr>\n<td>If you wish your accommodation to include breakfast, prior reservation \/ booking is essential.<\/td>\n<\/tr>\n<\/tbody>\n<\/table><\/div>\n<\/p><\/div>\n<\/p><\/div>\n<\/div>\n<div class=\"section footer-slide-cafe\">\n<div class=\"section-image\" style=\"background: #8b0a28 url(\/wp-content\/uploads\/2022\/03\/bildkomposition-weincafe.jpg); background-size: contain; background-repeat: no-repeat; background-position: center;\"><\/div>\n<div class=\"section-full\">\n<div class=\"section-wrap\"><\/div>\n<\/p><\/div>\n<\/div>\n","protected":false},"excerpt":{"rendered":"<p>Breakfast &amp; Wine Caf\u00e9 Just. Really. Delicious. Perfect start to the day Individual Combination | Regional Organic Products | Varied and Rich Breakfast in the wine caf\u00e9 Every morning, our kitchen fairies conjure up a varied and delicious breakfast for you. Enjoy it in our cosy wine caf\u00e9 in the Haus am Stadtturm. Almost all [&hellip;]<\/p>\n","protected":false},"author":2,"featured_media":0,"parent":0,"menu_order":0,"comment_status":"closed","ping_status":"closed","template":"page-templates\/theme-hamlet.php","meta":{"_acf_changed":false,"_genesis_hide_title":false,"_genesis_hide_breadcrumbs":false,"_genesis_hide_singular_image":false,"_genesis_custom_body_class":"","_genesis_custom_post_class":"","_genesis_layout":"","footnotes":""},"class_list":{"0":"post-821","1":"page","2":"type-page","3":"status-publish","5":"entry"},"acf":[],"yoast_head":"<!-- This site is optimized with the Yoast SEO plugin v27.3 - https:\/\/yoast.com\/product\/yoast-seo-wordpress\/ -->\n<title>Breakfast &amp; Wine Caf\u00e9 - Haus am Stadtturm<\/title>\n<meta name=\"robots\" content=\"index, follow, max-snippet:-1, max-image-preview:large, max-video-preview:-1\" \/>\n<link rel=\"canonical\" href=\"https:\/\/www.haus-am-stadtturm.de\/en\/breakfast-wine-cafe\/\" \/>\n<meta property=\"og:locale\" content=\"en_US\" \/>\n<meta property=\"og:type\" content=\"article\" \/>\n<meta property=\"og:title\" content=\"Breakfast &amp; Wine Caf\u00e9 - Haus am Stadtturm\" \/>\n<meta property=\"og:description\" content=\"Breakfast &amp; Wine Caf\u00e9 Just. Really. Delicious. Perfect start to the day Individual Combination | Regional Organic Products | Varied and Rich Breakfast in the wine caf\u00e9 Every morning, our kitchen fairies conjure up a varied and delicious breakfast for you. Enjoy it in our cosy wine caf\u00e9 in the Haus am Stadtturm. Almost all [&hellip;]\" \/>\n<meta property=\"og:url\" content=\"https:\/\/www.haus-am-stadtturm.de\/en\/breakfast-wine-cafe\/\" \/>\n<meta property=\"og:site_name\" content=\"Haus am Stadtturm\" \/>\n<meta property=\"article:modified_time\" content=\"2022-05-05T11:00:01+00:00\" \/>\n<meta name=\"twitter:card\" content=\"summary_large_image\" \/>\n<meta name=\"twitter:label1\" content=\"Est. reading time\" \/>\n\t<meta name=\"twitter:data1\" content=\"1 minute\" \/>\n<script type=\"application\/ld+json\" class=\"yoast-schema-graph\">{\"@context\":\"https:\\\/\\\/schema.org\",\"@graph\":[{\"@type\":\"WebPage\",\"@id\":\"https:\\\/\\\/www.haus-am-stadtturm.de\\\/en\\\/breakfast-wine-cafe\\\/\",\"url\":\"https:\\\/\\\/www.haus-am-stadtturm.de\\\/en\\\/breakfast-wine-cafe\\\/\",\"name\":\"Breakfast &amp; Wine Caf\u00e9 - Haus am Stadtturm\",\"isPartOf\":{\"@id\":\"https:\\\/\\\/www.haus-am-stadtturm.de\\\/#website\"},\"datePublished\":\"2022-03-16T17:05:55+00:00\",\"dateModified\":\"2022-05-05T11:00:01+00:00\",\"breadcrumb\":{\"@id\":\"https:\\\/\\\/www.haus-am-stadtturm.de\\\/en\\\/breakfast-wine-cafe\\\/#breadcrumb\"},\"inLanguage\":\"en-US\",\"potentialAction\":[{\"@type\":\"ReadAction\",\"target\":[\"https:\\\/\\\/www.haus-am-stadtturm.de\\\/en\\\/breakfast-wine-cafe\\\/\"]}]},{\"@type\":\"BreadcrumbList\",\"@id\":\"https:\\\/\\\/www.haus-am-stadtturm.de\\\/en\\\/breakfast-wine-cafe\\\/#breadcrumb\",\"itemListElement\":[{\"@type\":\"ListItem\",\"position\":1,\"name\":\"Startseite\",\"item\":\"https:\\\/\\\/www.haus-am-stadtturm.de\\\/en\\\/\"},{\"@type\":\"ListItem\",\"position\":2,\"name\":\"Breakfast &amp; Wine Caf\u00e9\"}]},{\"@type\":\"WebSite\",\"@id\":\"https:\\\/\\\/www.haus-am-stadtturm.de\\\/#website\",\"url\":\"https:\\\/\\\/www.haus-am-stadtturm.de\\\/\",\"name\":\"Haus am Stadtturm\",\"description\":\"Wein-Caf\u00e9, Zeitreise-Museum, Ferien-Appartments\",\"publisher\":{\"@id\":\"https:\\\/\\\/www.haus-am-stadtturm.de\\\/#organization\"},\"potentialAction\":[{\"@type\":\"SearchAction\",\"target\":{\"@type\":\"EntryPoint\",\"urlTemplate\":\"https:\\\/\\\/www.haus-am-stadtturm.de\\\/?s={search_term_string}\"},\"query-input\":{\"@type\":\"PropertyValueSpecification\",\"valueRequired\":true,\"valueName\":\"search_term_string\"}}],\"inLanguage\":\"en-US\"},{\"@type\":\"Organization\",\"@id\":\"https:\\\/\\\/www.haus-am-stadtturm.de\\\/#organization\",\"name\":\"Hotel Garni Haus am Stadtturm\",\"url\":\"https:\\\/\\\/www.haus-am-stadtturm.de\\\/\",\"logo\":{\"@type\":\"ImageObject\",\"inLanguage\":\"en-US\",\"@id\":\"https:\\\/\\\/www.haus-am-stadtturm.de\\\/#\\\/schema\\\/logo\\\/image\\\/\",\"url\":\"https:\\\/\\\/www.haus-am-stadtturm.de\\\/wp-content\\\/uploads\\\/2022\\\/02\\\/logo.png\",\"contentUrl\":\"https:\\\/\\\/www.haus-am-stadtturm.de\\\/wp-content\\\/uploads\\\/2022\\\/02\\\/logo.png\",\"width\":856,\"height\":980,\"caption\":\"Hotel Garni Haus am Stadtturm\"},\"image\":{\"@id\":\"https:\\\/\\\/www.haus-am-stadtturm.de\\\/#\\\/schema\\\/logo\\\/image\\\/\"}}]}<\/script>\n<!-- \/ Yoast SEO plugin. -->","yoast_head_json":{"title":"Breakfast &amp; Wine Caf\u00e9 - Haus am Stadtturm","robots":{"index":"index","follow":"follow","max-snippet":"max-snippet:-1","max-image-preview":"max-image-preview:large","max-video-preview":"max-video-preview:-1"},"canonical":"https:\/\/www.haus-am-stadtturm.de\/en\/breakfast-wine-cafe\/","og_locale":"en_US","og_type":"article","og_title":"Breakfast &amp; Wine Caf\u00e9 - Haus am Stadtturm","og_description":"Breakfast &amp; Wine Caf\u00e9 Just. Really. Delicious. Perfect start to the day Individual Combination | Regional Organic Products | Varied and Rich Breakfast in the wine caf\u00e9 Every morning, our kitchen fairies conjure up a varied and delicious breakfast for you. Enjoy it in our cosy wine caf\u00e9 in the Haus am Stadtturm. Almost all [&hellip;]","og_url":"https:\/\/www.haus-am-stadtturm.de\/en\/breakfast-wine-cafe\/","og_site_name":"Haus am Stadtturm","article_modified_time":"2022-05-05T11:00:01+00:00","twitter_card":"summary_large_image","twitter_misc":{"Est. reading time":"1 minute"},"schema":{"@context":"https:\/\/schema.org","@graph":[{"@type":"WebPage","@id":"https:\/\/www.haus-am-stadtturm.de\/en\/breakfast-wine-cafe\/","url":"https:\/\/www.haus-am-stadtturm.de\/en\/breakfast-wine-cafe\/","name":"Breakfast &amp; Wine Caf\u00e9 - Haus am Stadtturm","isPartOf":{"@id":"https:\/\/www.haus-am-stadtturm.de\/#website"},"datePublished":"2022-03-16T17:05:55+00:00","dateModified":"2022-05-05T11:00:01+00:00","breadcrumb":{"@id":"https:\/\/www.haus-am-stadtturm.de\/en\/breakfast-wine-cafe\/#breadcrumb"},"inLanguage":"en-US","potentialAction":[{"@type":"ReadAction","target":["https:\/\/www.haus-am-stadtturm.de\/en\/breakfast-wine-cafe\/"]}]},{"@type":"BreadcrumbList","@id":"https:\/\/www.haus-am-stadtturm.de\/en\/breakfast-wine-cafe\/#breadcrumb","itemListElement":[{"@type":"ListItem","position":1,"name":"Startseite","item":"https:\/\/www.haus-am-stadtturm.de\/en\/"},{"@type":"ListItem","position":2,"name":"Breakfast &amp; Wine Caf\u00e9"}]},{"@type":"WebSite","@id":"https:\/\/www.haus-am-stadtturm.de\/#website","url":"https:\/\/www.haus-am-stadtturm.de\/","name":"Haus am Stadtturm","description":"Wein-Caf\u00e9, Zeitreise-Museum, Ferien-Appartments","publisher":{"@id":"https:\/\/www.haus-am-stadtturm.de\/#organization"},"potentialAction":[{"@type":"SearchAction","target":{"@type":"EntryPoint","urlTemplate":"https:\/\/www.haus-am-stadtturm.de\/?s={search_term_string}"},"query-input":{"@type":"PropertyValueSpecification","valueRequired":true,"valueName":"search_term_string"}}],"inLanguage":"en-US"},{"@type":"Organization","@id":"https:\/\/www.haus-am-stadtturm.de\/#organization","name":"Hotel Garni Haus am Stadtturm","url":"https:\/\/www.haus-am-stadtturm.de\/","logo":{"@type":"ImageObject","inLanguage":"en-US","@id":"https:\/\/www.haus-am-stadtturm.de\/#\/schema\/logo\/image\/","url":"https:\/\/www.haus-am-stadtturm.de\/wp-content\/uploads\/2022\/02\/logo.png","contentUrl":"https:\/\/www.haus-am-stadtturm.de\/wp-content\/uploads\/2022\/02\/logo.png","width":856,"height":980,"caption":"Hotel Garni Haus am Stadtturm"},"image":{"@id":"https:\/\/www.haus-am-stadtturm.de\/#\/schema\/logo\/image\/"}}]}},"_links":{"self":[{"href":"https:\/\/www.haus-am-stadtturm.de\/en\/wp-json\/wp\/v2\/pages\/821","targetHints":{"allow":["GET"]}}],"collection":[{"href":"https:\/\/www.haus-am-stadtturm.de\/en\/wp-json\/wp\/v2\/pages"}],"about":[{"href":"https:\/\/www.haus-am-stadtturm.de\/en\/wp-json\/wp\/v2\/types\/page"}],"author":[{"embeddable":true,"href":"https:\/\/www.haus-am-stadtturm.de\/en\/wp-json\/wp\/v2\/users\/2"}],"replies":[{"embeddable":true,"href":"https:\/\/www.haus-am-stadtturm.de\/en\/wp-json\/wp\/v2\/comments?post=821"}],"version-history":[{"count":2,"href":"https:\/\/www.haus-am-stadtturm.de\/en\/wp-json\/wp\/v2\/pages\/821\/revisions"}],"predecessor-version":[{"id":855,"href":"https:\/\/www.haus-am-stadtturm.de\/en\/wp-json\/wp\/v2\/pages\/821\/revisions\/855"}],"wp:attachment":[{"href":"https:\/\/www.haus-am-stadtturm.de\/en\/wp-json\/wp\/v2\/media?parent=821"}],"curies":[{"name":"wp","href":"https:\/\/api.w.org\/{rel}","templated":true}]}}